{"id":119135,"date":"2023-01-13T15:00:37","date_gmt":"2023-01-13T15:00:37","guid":{"rendered":"https:\/\/hcaesthetic.com\/pedir-cita\/"},"modified":"2023-08-14T14:53:46","modified_gmt":"2023-08-14T14:53:46","slug":"book-appointment","status":"publish","type":"page","link":"https:\/\/hcaesthetic.com\/en\/book-appointment\/","title":{"rendered":"Ask an appointment"},"content":{"rendered":"<div class=\"wpb-content-wrapper\"><p>[vc_row unlock_row_content=&#8221;yes&#8221; row_height_percent=&#8221;0&#8243; back_image=&#8221;117755&#8243; overlay_alpha=&#8221;50&#8243; gutter_size=&#8221;3&#8243; column_width_percent=&#8221;100&#8243; shift_y=&#8221;0&#8243; z_index=&#8221;0&#8243; uncode_shortcode_id=&#8221;142255&#8243; row_height_pixel=&#8221;700px&#8221;][vc_column width=&#8221;1\/1&#8243;][\/vc_column][\/vc_row][vc_row unlock_row_content=&#8221;yes&#8221; row_height_percent=&#8221;0&#8243; override_padding=&#8221;yes&#8221; h_padding=&#8221;0&#8243; top_padding=&#8221;0&#8243; bottom_padding=&#8221;0&#8243; overlay_alpha=&#8221;50&#8243; equal_height=&#8221;yes&#8221; gutter_size=&#8221;3&#8243; column_width_percent=&#8221;100&#8243; shift_y=&#8221;0&#8243; z_index=&#8221;0&#8243; uncode_shortcode_id=&#8221;998723&#8243;][vc_column column_width_percent=&#8221;100&#8243; gutter_size=&#8221;3&#8243; override_padding=&#8221;yes&#8221; column_padding=&#8221;4&#8243; overlay_alpha=&#8221;50&#8243; shift_x=&#8221;0&#8243; shift_y=&#8221;0&#8243; shift_y_down=&#8221;0&#8243; z_index=&#8221;0&#8243; medium_width=&#8221;0&#8243; mobile_width=&#8221;0&#8243; width=&#8221;1\/2&#8243; uncode_shortcode_id=&#8221;370932&#8243; back_color_type=&#8221;uncode-solid&#8221; back_color_solid=&#8221;#bdb6a4&#8243;][vc_custom_heading text_color=&#8221;color-xsdn&#8221; heading_semantic=&#8221;h5&#8243; text_size=&#8221;&#8221; text_transform=&#8221;uppercase&#8221; uncode_shortcode_id=&#8221;748157&#8243; text_color_type=&#8221;uncode-palette&#8221;]Book an appointment[\/vc_custom_heading][vc_custom_heading text_color=&#8221;color-xsdn&#8221; text_size=&#8221;&#8221; uncode_shortcode_id=&#8221;495431&#8243; text_color_type=&#8221;uncode-palette&#8221;]Committed to your beauty and well-being[\/vc_custom_heading][vc_empty_space empty_h=&#8221;2&#8243;][vc_row_inner][vc_column_inner width=&#8221;1\/1&#8243;][vc_custom_heading text_color=&#8221;color-xsdn&#8221; heading_semantic=&#8221;h3&#8243; text_size=&#8221;h3&#8243; separator=&#8221;under&#8221; uncode_shortcode_id=&#8221;453459&#8243; text_color_type=&#8221;uncode-palette&#8221;]Telephones[\/vc_custom_heading][vc_column_text text_lead=&#8221;yes&#8221; text_color=&#8221;color-xsdn&#8221; uncode_shortcode_id=&#8221;899844&#8243; text_color_type=&#8221;uncode-palette&#8221;]<i class=\"fa fa-phone fa-1x fa-fw\"><\/i> <a title=\"951829584\" href=\"tel:951829584\"><span class=\"txtblanco\">951 829 584<\/span><\/a> | <i class=\"fa fa-whatsapp fa-1x fa-fw\"><\/i> <a href=\"https:\/\/api.whatsapp.com\/send?phone=34649122756\"><span class=\"txtblanco\">649 12 27 56<\/span><\/a> | <i class=\"fa fa-hospital-o fa-1x fa-fw\"><\/i> <a title=\"952908628\" href=\"tel:952908628\"><span class=\"txtblanco\">952 90 86 28<\/span><\/a>[\/vc_column_text][vc_custom_heading text_color=&#8221;color-xsdn&#8221; heading_semantic=&#8221;h3&#8243; text_size=&#8221;h3&#8243; separator=&#8221;under&#8221; uncode_shortcode_id=&#8221;169494&#8243; text_color_type=&#8221;uncode-palette&#8221;]Address[\/vc_custom_heading][vc_column_text text_lead=&#8221;yes&#8221; text_color=&#8221;color-xsdn&#8221; uncode_shortcode_id=&#8221;935666&#8243; text_color_type=&#8221;uncode-palette&#8221;]<i class=\"fa fa-location2 fa-1x fa-fw\"><\/i>Ventura del Mar n\u00ba 11. 29660 Marbella (M\u00e1laga)[\/vc_column_text][\/vc_column_inner][\/vc_row_inner][\/vc_column][vc_column column_width_percent=&#8221;100&#8243; gutter_size=&#8221;3&#8243; override_padding=&#8221;yes&#8221; column_padding=&#8221;4&#8243; overlay_alpha=&#8221;50&#8243; shift_x=&#8221;0&#8243; shift_y=&#8221;0&#8243; shift_y_down=&#8221;0&#8243; z_index=&#8221;0&#8243; medium_width=&#8221;0&#8243; mobile_width=&#8221;0&#8243; width=&#8221;1\/2&#8243; uncode_shortcode_id=&#8221;165953&#8243;]\n<div class=\"wpcf7 no-js\" id=\"wpcf7-f119134-o1\" lang=\"en-US\" dir=\"ltr\" data-wpcf7-id=\"119134\">\n<div class=\"screen-reader-response\"><p role=\"status\" aria-live=\"polite\" aria-atomic=\"true\"><\/p> <ul><\/ul><\/div>\n<form action=\"\/en\/wp-json\/wp\/v2\/pages\/119135#wpcf7-f119134-o1\" method=\"post\" class=\"wpcf7-form init\" aria-label=\"Contact form\" novalidate=\"novalidate\" data-status=\"init\">\n<fieldset class=\"hidden-fields-container\"><input type=\"hidden\" name=\"_wpcf7\" value=\"119134\" \/><input type=\"hidden\" name=\"_wpcf7_version\" value=\"6.1.4\" \/><input type=\"hidden\" name=\"_wpcf7_locale\" value=\"en_US\" \/><input type=\"hidden\" name=\"_wpcf7_unit_tag\" value=\"wpcf7-f119134-o1\" \/><input type=\"hidden\" name=\"_wpcf7_container_post\" value=\"0\" \/><input type=\"hidden\" name=\"_wpcf7_posted_data_hash\" value=\"\" \/><input type=\"hidden\" name=\"_wpcf7_recaptcha_response\" value=\"\" \/>\n<\/fieldset>\n<p><label> Name<br \/>\n<span class=\"wpcf7-form-control-wrap\" data-name=\"your-name\"><input size=\"40\" maxlength=\"400\" class=\"wpcf7-form-control wpcf7-text wpcf7-validates-as-required form-fluid\" autocomplete=\"name\" aria-required=\"true\" aria-invalid=\"false\" value=\"\" type=\"text\" name=\"your-name\" \/><\/span> <\/label>\n<\/p>\n<p><label> E-mail<br \/>\n<span class=\"wpcf7-form-control-wrap\" data-name=\"your-email\"><input size=\"40\" maxlength=\"400\" class=\"wpcf7-form-control wpcf7-email wpcf7-validates-as-required wpcf7-text wpcf7-validates-as-email form-fluid\" autocomplete=\"email\" aria-required=\"true\" aria-invalid=\"false\" value=\"\" type=\"email\" name=\"your-email\" \/><\/span> <\/label>\n<\/p>\n<p><label> Telephone<br \/>\n<span class=\"wpcf7-form-control-wrap\" data-name=\"tel-222\"><input size=\"40\" maxlength=\"400\" class=\"wpcf7-form-control wpcf7-tel wpcf7-validates-as-required wpcf7-text wpcf7-validates-as-tel form-fluid\" autocomplete=\"tel-222\" aria-required=\"true\" aria-invalid=\"false\" value=\"\" type=\"tel\" name=\"tel-222\" \/><\/span> <\/label>\n<\/p>\n<p><label> Subject<br \/>\n<span class=\"wpcf7-form-control-wrap\" data-name=\"your-subject\"><input size=\"40\" maxlength=\"400\" class=\"wpcf7-form-control wpcf7-text wpcf7-validates-as-required form-fluid\" aria-required=\"true\" aria-invalid=\"false\" value=\"\" type=\"text\" name=\"your-subject\" \/><\/span> <\/label>\n<\/p>\n<p><label> Appointment details<br \/>\n<span class=\"wpcf7-form-control-wrap\" data-name=\"your-message\"><textarea cols=\"40\" rows=\"8\" maxlength=\"2000\" class=\"wpcf7-form-control wpcf7-textarea\" aria-invalid=\"false\" name=\"your-message\"><\/textarea><\/span> <\/label>\n<\/p>\n<p><label>I agree to receive e-mails with offers and news about this and other services. *<br \/>\n<span class=\"wpcf7-form-control-wrap\" data-name=\"checkbox-481\"><span class=\"wpcf7-form-control wpcf7-checkbox wpcf7-validates-as-required wpcf7-exclusive-checkbox\" id=\"checkbox-481\"><span class=\"wpcf7-list-item first\"><label><span class=\"wpcf7-list-item-label\">Yes<\/span><input type=\"checkbox\" name=\"checkbox-481\" value=\"Yes\" \/><\/label><\/span><span class=\"wpcf7-list-item last\"><label><span class=\"wpcf7-list-item-label\">No<\/span><input type=\"checkbox\" name=\"checkbox-481\" value=\"No\" \/><\/label><\/span><\/span><\/span><\/label>\n<\/p>\n<p><label><span class=\"wpcf7-form-control-wrap\" data-name=\"acceptance-894\"><span class=\"wpcf7-form-control wpcf7-acceptance\"><span class=\"wpcf7-list-item\"><input type=\"checkbox\" name=\"acceptance-894\" value=\"1\" id=\"acceptance-894-1\" aria-invalid=\"false\" \/><\/span><\/span><\/span> am 18 years of age or older and I have read and accept the <a href=\"https:\/\/www.hcmarbella.com\/es\/privacidad-informacion-ampliada\/\"><span class=\"txtbeige\">Privacy Policy<\/span><\/a>. *<\/label>\n<\/p>\n<p><input class=\"wpcf7-form-control wpcf7-submit has-spinner btn btn-beige btn-lg\" type=\"submit\" value=\"Book appointment\" \/>\n<\/p><div class=\"wpcf7-response-output\" aria-hidden=\"true\"><\/div>\n<\/form>\n<\/div>\n[\/vc_column][\/vc_row]<\/p>\n<\/div>","protected":false},"excerpt":{"rendered":"<p>[vc_row unlock_row_content=&#8221;yes&#8221; row_height_percent=&#8221;0&#8243; back_image=&#8221;117755&#8243; overlay_alpha=&#8221;50&#8243; gutter_size=&#8221;3&#8243; column_width_percent=&#8221;100&#8243; shift_y=&#8221;0&#8243; z_index=&#8221;0&#8243; uncode_shortcode_id=&#8221;142255&#8243; row_height_pixel=&#8221;700px&#8221;][vc_column width=&#8221;1\/1&#8243;][\/vc_column][\/vc_row][vc_row unlock_row_content=&#8221;yes&#8221; row_height_percent=&#8221;0&#8243; override_padding=&#8221;yes&#8221; h_padding=&#8221;0&#8243; top_padding=&#8221;0&#8243; bottom_padding=&#8221;0&#8243; overlay_alpha=&#8221;50&#8243; equal_height=&#8221;yes&#8221; [&hellip;]<\/p>\n","protected":false},"author":1,"featured_media":0,"parent":0,"menu_order":0,"comment_status":"closed","ping_status":"closed","template":"","meta":{"footnotes":""},"class_list":["post-119135","page","type-page","status-publish","hentry"],"yoast_head":"<!-- This site is optimized with the Yoast SEO plugin v26.9 - https:\/\/yoast.com\/product\/yoast-seo-wordpress\/ -->\n<title>Ask an appointment - HC Aesthetic<\/title>\n<meta name=\"robots\" content=\"index, follow, max-snippet:-1, max-image-preview:large, max-video-preview:-1\" \/>\n<link rel=\"canonical\" href=\"https:\/\/hcaesthetic.com\/en\/book-appointment\/\" \/>\n<meta property=\"og:locale\" content=\"en_US\" \/>\n<meta property=\"og:type\" content=\"article\" \/>\n<meta property=\"og:title\" content=\"Ask an appointment - HC Aesthetic\" \/>\n<meta property=\"og:description\" content=\"[vc_row unlock_row_content=&#8221;yes&#8221; row_height_percent=&#8221;0&#8243; back_image=&#8221;117755&#8243; overlay_alpha=&#8221;50&#8243; gutter_size=&#8221;3&#8243; column_width_percent=&#8221;100&#8243; shift_y=&#8221;0&#8243; z_index=&#8221;0&#8243; uncode_shortcode_id=&#8221;142255&#8243; row_height_pixel=&#8221;700px&#8221;][vc_column width=&#8221;1\/1&#8243;][\/vc_column][\/vc_row][vc_row unlock_row_content=&#8221;yes&#8221; row_height_percent=&#8221;0&#8243; override_padding=&#8221;yes&#8221; h_padding=&#8221;0&#8243; top_padding=&#8221;0&#8243; bottom_padding=&#8221;0&#8243; overlay_alpha=&#8221;50&#8243; equal_height=&#8221;yes&#8221; [&hellip;]\" \/>\n<meta property=\"og:url\" content=\"https:\/\/hcaesthetic.com\/en\/book-appointment\/\" \/>\n<meta property=\"og:site_name\" content=\"HC Aesthetic\" \/>\n<meta property=\"article:publisher\" content=\"https:\/\/www.facebook.com\/hcaesthetic\/\" \/>\n<meta property=\"article:modified_time\" content=\"2023-08-14T14:53:46+00:00\" \/>\n<meta property=\"og:image\" content=\"https:\/\/hcaesthetic.com\/wp-content\/uploads\/2025\/10\/medicina_estetica_marbella-5.jpg\" \/>\n\t<meta property=\"og:image:width\" content=\"1920\" \/>\n\t<meta property=\"og:image:height\" content=\"1080\" \/>\n\t<meta property=\"og:image:type\" content=\"image\/jpeg\" \/>\n<meta name=\"twitter:card\" content=\"summary_large_image\" \/>\n<meta name=\"twitter:label1\" content=\"Est. reading time\" \/>\n\t<meta name=\"twitter:data1\" content=\"1 minute\" \/>\n<script type=\"application\/ld+json\" class=\"yoast-schema-graph\">{\"@context\":\"https:\/\/schema.org\",\"@graph\":[{\"@type\":\"WebPage\",\"@id\":\"https:\/\/hcaesthetic.com\/en\/book-appointment\/\",\"url\":\"https:\/\/hcaesthetic.com\/en\/book-appointment\/\",\"name\":\"Ask an appointment - HC Aesthetic\",\"isPartOf\":{\"@id\":\"https:\/\/hcaesthetic.com\/en\/#website\"},\"datePublished\":\"2023-01-13T15:00:37+00:00\",\"dateModified\":\"2023-08-14T14:53:46+00:00\",\"breadcrumb\":{\"@id\":\"https:\/\/hcaesthetic.com\/en\/book-appointment\/#breadcrumb\"},\"inLanguage\":\"en-US\",\"potentialAction\":[{\"@type\":\"ReadAction\",\"target\":[\"https:\/\/hcaesthetic.com\/en\/book-appointment\/\"]}]},{\"@type\":\"BreadcrumbList\",\"@id\":\"https:\/\/hcaesthetic.com\/en\/book-appointment\/#breadcrumb\",\"itemListElement\":[{\"@type\":\"ListItem\",\"position\":1,\"name\":\"Portada\",\"item\":\"https:\/\/hcaesthetic.com\/en\/\"},{\"@type\":\"ListItem\",\"position\":2,\"name\":\"Ask an appointment\"}]},{\"@type\":\"WebSite\",\"@id\":\"https:\/\/hcaesthetic.com\/en\/#website\",\"url\":\"https:\/\/hcaesthetic.com\/en\/\",\"name\":\"HC Aesthetic - Cirug\u00eda Pl\u00e1stica y Medicina Est\u00e9tica\",\"description\":\"Descubre HC Aesthetic, tu cl\u00ednica de cirug\u00eda pl\u00e1stica y medicina est\u00e9tica en Marbella. Excelencia hospitalaria y resultados naturales. 1\u00aa consulta gratuita.\",\"publisher\":{\"@id\":\"https:\/\/hcaesthetic.com\/en\/#organization\"},\"alternateName\":\"HC Marbella Aesthetic\",\"potentialAction\":[{\"@type\":\"SearchAction\",\"target\":{\"@type\":\"EntryPoint\",\"urlTemplate\":\"https:\/\/hcaesthetic.com\/en\/?s={search_term_string}\"},\"query-input\":{\"@type\":\"PropertyValueSpecification\",\"valueRequired\":true,\"valueName\":\"search_term_string\"}}],\"inLanguage\":\"en-US\"},{\"@type\":\"Organization\",\"@id\":\"https:\/\/hcaesthetic.com\/en\/#organization\",\"name\":\"HC Aesthetic\",\"alternateName\":\"HC Marbella Aesthetic - Cirug\u00eda Pl\u00e1stica y Medicina Est\u00e9tica\",\"url\":\"https:\/\/hcaesthetic.com\/en\/\",\"logo\":{\"@type\":\"ImageObject\",\"inLanguage\":\"en-US\",\"@id\":\"https:\/\/hcaesthetic.com\/en\/#\/schema\/logo\/image\/\",\"url\":\"https:\/\/hcaesthetic.com\/wp-content\/uploads\/2026\/02\/logo_hc_aesthetic.png\",\"contentUrl\":\"https:\/\/hcaesthetic.com\/wp-content\/uploads\/2026\/02\/logo_hc_aesthetic.png\",\"width\":696,\"height\":696,\"caption\":\"HC Aesthetic\"},\"image\":{\"@id\":\"https:\/\/hcaesthetic.com\/en\/#\/schema\/logo\/image\/\"},\"sameAs\":[\"https:\/\/www.facebook.com\/hcaesthetic\/\",\"https:\/\/www.instagram.com\/aesthetics_hc\/?hl=es\"]}]}<\/script>\n<!-- \/ Yoast SEO plugin. -->","yoast_head_json":{"title":"Ask an appointment - HC Aesthetic","robots":{"index":"index","follow":"follow","max-snippet":"max-snippet:-1","max-image-preview":"max-image-preview:large","max-video-preview":"max-video-preview:-1"},"canonical":"https:\/\/hcaesthetic.com\/en\/book-appointment\/","og_locale":"en_US","og_type":"article","og_title":"Ask an appointment - HC Aesthetic","og_description":"[vc_row unlock_row_content=&#8221;yes&#8221; row_height_percent=&#8221;0&#8243; back_image=&#8221;117755&#8243; overlay_alpha=&#8221;50&#8243; gutter_size=&#8221;3&#8243; column_width_percent=&#8221;100&#8243; shift_y=&#8221;0&#8243; z_index=&#8221;0&#8243; uncode_shortcode_id=&#8221;142255&#8243; row_height_pixel=&#8221;700px&#8221;][vc_column width=&#8221;1\/1&#8243;][\/vc_column][\/vc_row][vc_row unlock_row_content=&#8221;yes&#8221; row_height_percent=&#8221;0&#8243; override_padding=&#8221;yes&#8221; h_padding=&#8221;0&#8243; top_padding=&#8221;0&#8243; bottom_padding=&#8221;0&#8243; overlay_alpha=&#8221;50&#8243; equal_height=&#8221;yes&#8221; [&hellip;]","og_url":"https:\/\/hcaesthetic.com\/en\/book-appointment\/","og_site_name":"HC Aesthetic","article_publisher":"https:\/\/www.facebook.com\/hcaesthetic\/","article_modified_time":"2023-08-14T14:53:46+00:00","og_image":[{"width":1920,"height":1080,"url":"https:\/\/hcaesthetic.com\/wp-content\/uploads\/2025\/10\/medicina_estetica_marbella-5.jpg","type":"image\/jpeg"}],"twitter_card":"summary_large_image","twitter_misc":{"Est. reading time":"1 minute"},"schema":{"@context":"https:\/\/schema.org","@graph":[{"@type":"WebPage","@id":"https:\/\/hcaesthetic.com\/en\/book-appointment\/","url":"https:\/\/hcaesthetic.com\/en\/book-appointment\/","name":"Ask an appointment - HC Aesthetic","isPartOf":{"@id":"https:\/\/hcaesthetic.com\/en\/#website"},"datePublished":"2023-01-13T15:00:37+00:00","dateModified":"2023-08-14T14:53:46+00:00","breadcrumb":{"@id":"https:\/\/hcaesthetic.com\/en\/book-appointment\/#breadcrumb"},"inLanguage":"en-US","potentialAction":[{"@type":"ReadAction","target":["https:\/\/hcaesthetic.com\/en\/book-appointment\/"]}]},{"@type":"BreadcrumbList","@id":"https:\/\/hcaesthetic.com\/en\/book-appointment\/#breadcrumb","itemListElement":[{"@type":"ListItem","position":1,"name":"Portada","item":"https:\/\/hcaesthetic.com\/en\/"},{"@type":"ListItem","position":2,"name":"Ask an appointment"}]},{"@type":"WebSite","@id":"https:\/\/hcaesthetic.com\/en\/#website","url":"https:\/\/hcaesthetic.com\/en\/","name":"HC Aesthetic - Cirug\u00eda Pl\u00e1stica y Medicina Est\u00e9tica","description":"Descubre HC Aesthetic, tu cl\u00ednica de cirug\u00eda pl\u00e1stica y medicina est\u00e9tica en Marbella. Excelencia hospitalaria y resultados naturales. 1\u00aa consulta gratuita.","publisher":{"@id":"https:\/\/hcaesthetic.com\/en\/#organization"},"alternateName":"HC Marbella Aesthetic","potentialAction":[{"@type":"SearchAction","target":{"@type":"EntryPoint","urlTemplate":"https:\/\/hcaesthetic.com\/en\/?s={search_term_string}"},"query-input":{"@type":"PropertyValueSpecification","valueRequired":true,"valueName":"search_term_string"}}],"inLanguage":"en-US"},{"@type":"Organization","@id":"https:\/\/hcaesthetic.com\/en\/#organization","name":"HC Aesthetic","alternateName":"HC Marbella Aesthetic - Cirug\u00eda Pl\u00e1stica y Medicina Est\u00e9tica","url":"https:\/\/hcaesthetic.com\/en\/","logo":{"@type":"ImageObject","inLanguage":"en-US","@id":"https:\/\/hcaesthetic.com\/en\/#\/schema\/logo\/image\/","url":"https:\/\/hcaesthetic.com\/wp-content\/uploads\/2026\/02\/logo_hc_aesthetic.png","contentUrl":"https:\/\/hcaesthetic.com\/wp-content\/uploads\/2026\/02\/logo_hc_aesthetic.png","width":696,"height":696,"caption":"HC Aesthetic"},"image":{"@id":"https:\/\/hcaesthetic.com\/en\/#\/schema\/logo\/image\/"},"sameAs":["https:\/\/www.facebook.com\/hcaesthetic\/","https:\/\/www.instagram.com\/aesthetics_hc\/?hl=es"]}]}},"_links":{"self":[{"href":"https:\/\/hcaesthetic.com\/en\/wp-json\/wp\/v2\/pages\/119135","targetHints":{"allow":["GET"]}}],"collection":[{"href":"https:\/\/hcaesthetic.com\/en\/wp-json\/wp\/v2\/pages"}],"about":[{"href":"https:\/\/hcaesthetic.com\/en\/wp-json\/wp\/v2\/types\/page"}],"author":[{"embeddable":true,"href":"https:\/\/hcaesthetic.com\/en\/wp-json\/wp\/v2\/users\/1"}],"replies":[{"embeddable":true,"href":"https:\/\/hcaesthetic.com\/en\/wp-json\/wp\/v2\/comments?post=119135"}],"version-history":[{"count":3,"href":"https:\/\/hcaesthetic.com\/en\/wp-json\/wp\/v2\/pages\/119135\/revisions"}],"predecessor-version":[{"id":119138,"href":"https:\/\/hcaesthetic.com\/en\/wp-json\/wp\/v2\/pages\/119135\/revisions\/119138"}],"wp:attachment":[{"href":"https:\/\/hcaesthetic.com\/en\/wp-json\/wp\/v2\/media?parent=119135"}],"curies":[{"name":"wp","href":"https:\/\/api.w.org\/{rel}","templated":true}]}}