{"id":119302,"date":"2023-01-17T17:50:48","date_gmt":"2023-01-17T17:50:48","guid":{"rendered":"https:\/\/hcaesthetic.com\/hidratacion-profunda\/"},"modified":"2025-10-21T10:20:18","modified_gmt":"2025-10-21T10:20:18","slug":"deep-hydration","status":"publish","type":"page","link":"https:\/\/hcaesthetic.com\/en\/deep-hydration\/","title":{"rendered":"Deep Hydration"},"content":{"rendered":"<div class=\"wpb-content-wrapper\"><p>[vc_row unlock_row_content=&#8221;yes&#8221; row_height_percent=&#8221;0&#8243; back_image=&#8221;118586&#8243; overlay_alpha=&#8221;50&#8243; gutter_size=&#8221;3&#8243; column_width_percent=&#8221;100&#8243; shift_y=&#8221;0&#8243; z_index=&#8221;0&#8243; uncode_shortcode_id=&#8221;174924&#8243; row_height_pixel=&#8221;700px&#8221;][vc_column width=&#8221;1\/1&#8243;][\/vc_column][\/vc_row][vc_row][vc_column width=&#8221;1\/1&#8243;][vc_custom_heading text_color=&#8221;color-wvjs&#8221; heading_semantic=&#8221;h5&#8243; text_size=&#8221;&#8221; text_weight=&#8221;500&#8243; text_transform=&#8221;uppercase&#8221; uncode_shortcode_id=&#8221;120490&#8243; text_color_type=&#8221;uncode-palette&#8221;]Profhilo[\/vc_custom_heading][vc_row_inner row_inner_height_percent=&#8221;0&#8243; overlay_alpha=&#8221;50&#8243; gutter_size=&#8221;4&#8243; shift_y=&#8221;0&#8243; z_index=&#8221;0&#8243; limit_content=&#8221;&#8221;][vc_column_inner width=&#8221;4\/12&#8243;][vc_custom_heading heading_semantic=&#8221;h6&#8243; text_size=&#8221;h1&#8243; text_weight=&#8221;500&#8243; uncode_shortcode_id=&#8221;183173&#8243;]Deep Hydration[\/vc_custom_heading][vc_column_text uncode_shortcode_id=&#8221;155830&#8243;]Aesthetic medicine facial treatment[\/vc_column_text][\/vc_column_inner][vc_column_inner column_width_percent=&#8221;100&#8243; gutter_size=&#8221;1&#8243; font_family=&#8221;font-136269&#8243; overlay_alpha=&#8221;50&#8243; shift_x=&#8221;0&#8243; shift_y=&#8221;0&#8243; shift_y_down=&#8221;0&#8243; z_index=&#8221;0&#8243; medium_width=&#8221;0&#8243; mobile_width=&#8221;0&#8243; width=&#8221;8\/12&#8243; uncode_shortcode_id=&#8221;317910&#8243;][vc_column_text text_lead=&#8221;yes&#8221; uncode_shortcode_id=&#8221;144295&#8243;]High-purity, high and low molecular weight, hyaluronic acid is used for this treatment, with no added reticular agents and with excellent biocompatibility, meaning it is particularly safe and provides excellent results.<\/p>\n<p>It is applied using the BAP (Bio Aesthetic Points) technique designed for the upper middle third of the face, in which 5 injection points are used in anatomically receptive areas, in each side of the face, minimising the risks but maximising diffusion of the product. This results in fewer injections and fewer sessions.[\/vc_column_text][vc_empty_space][vc_message uncode_shortcode_id=&#8221;230239&#8243; message_color_type=&#8221;uncode-solid&#8221; message_color_solid=&#8221;#d1ccbf&#8221;]The BAP (BIO AESTHETIC POINTS) application technique is intended for the upper middle third of the face, an area particularly predisposed to dermal atrophy caused by aging.<\/p>\n<p>&nbsp;<\/p>\n<p>The BAP technique consists of focusing application on 5 injection points in each side of the face, where 0.2 ml of special Profhilo hyaluronic acid is deposited in the deep dermis.<\/p>\n<p>&nbsp;<\/p>\n<p>These 5 points indicate 5 anatomically receptive areas of the face where there are no large blood vessels or nerve branches. This ensures the risks are minimised whilst diffusion of the product is maximised in the malar and submalar areas.<\/p>\n<p>&nbsp;<\/p>\n<p>The BAP technique allows:<\/p>\n<ul>\n<li>A reduction in the number of injections<\/li>\n<li>A reduction in the number of sessions<\/li>\n<\/ul>\n<p>[\/vc_message][\/vc_column_inner][\/vc_row_inner][vc_empty_space empty_h=&#8221;3&#8243; medium_visibility=&#8221;yes&#8221; mobile_visibility=&#8221;yes&#8221;][vc_row_inner row_inner_height_percent=&#8221;0&#8243; overlay_alpha=&#8221;50&#8243; gutter_size=&#8221;4&#8243; shift_y=&#8221;0&#8243; z_index=&#8221;0&#8243; limit_content=&#8221;&#8221;][vc_column_inner column_width_percent=&#8221;100&#8243; gutter_size=&#8221;3&#8243; overlay_alpha=&#8221;50&#8243; shift_x=&#8221;0&#8243; shift_y=&#8221;0&#8243; shift_y_down=&#8221;0&#8243; z_index=&#8221;0&#8243; medium_visibility=&#8221;yes&#8221; medium_width=&#8221;0&#8243; mobile_visibility=&#8221;yes&#8221; mobile_width=&#8221;0&#8243; width=&#8221;1\/3&#8243; uncode_shortcode_id=&#8221;538416&#8243;][vc_single_image media=&#8221;118656&#8243; media_width_percent=&#8221;100&#8243; uncode_shortcode_id=&#8221;113454&#8243;][\/vc_column_inner][vc_column_inner column_width_percent=&#8221;100&#8243; gutter_size=&#8221;2&#8243; overlay_alpha=&#8221;50&#8243; shift_x=&#8221;0&#8243; shift_y=&#8221;0&#8243; shift_y_down=&#8221;0&#8243; z_index=&#8221;0&#8243; medium_width=&#8221;4&#8243; mobile_width=&#8221;0&#8243; css_animation=&#8221;alpha-anim&#8221; animation_speed=&#8221;600&#8243; width=&#8221;1\/3&#8243; uncode_shortcode_id=&#8221;124258&#8243;][vc_custom_heading heading_semantic=&#8221;h3&#8243; text_size=&#8221;h4&#8243; text_weight=&#8221;500&#8243; separator=&#8221;yes&#8221; uncode_shortcode_id=&#8221;551826&#8243;]<i class=\"fa fa-heart-o fa-1x fa-fw\"><\/i> Benefits[\/vc_custom_heading][vc_column_text text_lead=&#8221;yes&#8221; uncode_shortcode_id=&#8221;189228&#8243;]Bioregenerating action, with a hydrating and tightening effect, combating skin laxity. Achieving very natural results. It is also used as a preventative treatment in young patients.[\/vc_column_text][vc_empty_space empty_h=&#8221;2&#8243;][vc_custom_heading heading_semantic=&#8221;h3&#8243; text_size=&#8221;h4&#8243; text_weight=&#8221;500&#8243; separator=&#8221;yes&#8221; uncode_shortcode_id=&#8221;165259&#8243;]<i class=\"fa fa-leaf fa-1x fa-fw\"><\/i> Care Afterwards[\/vc_custom_heading][vc_column_text text_lead=&#8221;yes&#8221; uncode_shortcode_id=&#8221;722465&#8243;]Return to normal daily routine after treatment, although physical activity, damp places, sun exposure and high temperatures are not recommended for 48 hours and the skin should be kept dry for 2 hours afterwards.[\/vc_column_text][\/vc_column_inner][vc_column_inner column_width_percent=&#8221;100&#8243; gutter_size=&#8221;2&#8243; overlay_alpha=&#8221;50&#8243; shift_x=&#8221;0&#8243; shift_y=&#8221;0&#8243; shift_y_down=&#8221;0&#8243; z_index=&#8221;0&#8243; medium_width=&#8221;4&#8243; mobile_width=&#8221;0&#8243; css_animation=&#8221;alpha-anim&#8221; animation_delay=&#8221;800&#8243; width=&#8221;1\/3&#8243; uncode_shortcode_id=&#8221;121049&#8243;][vc_custom_heading heading_semantic=&#8221;h3&#8243; text_size=&#8221;h4&#8243; text_weight=&#8221;500&#8243; separator=&#8221;yes&#8221; uncode_shortcode_id=&#8221;721942&#8243;]<i class=\"fa fa-clock fa-1x fa-fw\"><\/i> Session Duration[\/vc_custom_heading][vc_column_text text_lead=&#8221;yes&#8221; uncode_shortcode_id=&#8221;182334&#8243;]15 minutes.[\/vc_column_text][vc_empty_space empty_h=&#8221;2&#8243;][vc_custom_heading heading_semantic=&#8221;h3&#8243; text_size=&#8221;h4&#8243; text_weight=&#8221;500&#8243; separator=&#8221;yes&#8221; uncode_shortcode_id=&#8221;107609&#8243;]<i class=\"fa fa-eye2 fa-1x fa-fw\"><\/i> Appearance of results[\/vc_custom_heading][vc_column_text text_lead=&#8221;yes&#8221; uncode_shortcode_id=&#8221;418670&#8243;]These can be noticed from the application of treatment, but they become more visible from the third or fourth day.[\/vc_column_text][vc_empty_space empty_h=&#8221;2&#8243;][vc_custom_heading heading_semantic=&#8221;h3&#8243; text_size=&#8221;h4&#8243; text_weight=&#8221;500&#8243; separator=&#8221;yes&#8221; uncode_shortcode_id=&#8221;930499&#8243;]<i class=\"fa fa-hourglass-o fa-1x fa-fw\"><\/i> Duration of results[\/vc_custom_heading][vc_column_text text_lead=&#8221;yes&#8221; uncode_shortcode_id=&#8221;142677&#8243;]For a lasting effect, a second session is required after one month, repeating the cycle is then advisable twice a year.[\/vc_column_text][vc_empty_space empty_h=&#8221;2&#8243;][\/vc_column_inner][\/vc_row_inner][\/vc_column][\/vc_row]<\/p>\n<\/div>","protected":false},"excerpt":{"rendered":"<p>[vc_row unlock_row_content=&#8221;yes&#8221; row_height_percent=&#8221;0&#8243; back_image=&#8221;118586&#8243; overlay_alpha=&#8221;50&#8243; gutter_size=&#8221;3&#8243; column_width_percent=&#8221;100&#8243; shift_y=&#8221;0&#8243; z_index=&#8221;0&#8243; uncode_shortcode_id=&#8221;174924&#8243; row_height_pixel=&#8221;700px&#8221;][vc_column width=&#8221;1\/1&#8243;][\/vc_column][\/vc_row][vc_row][vc_column width=&#8221;1\/1&#8243;][vc_custom_heading text_color=&#8221;color-wvjs&#8221; heading_semantic=&#8221;h5&#8243; text_size=&#8221;&#8221; text_weight=&#8221;500&#8243; text_transform=&#8221;uppercase&#8221; uncode_shortcode_id=&#8221;120490&#8243; text_color_type=&#8221;uncode-palette&#8221;]Profhilo[\/vc_custom_heading][vc_row_inner [&hellip;]<\/p>\n","protected":false},"author":1,"featured_media":119088,"parent":0,"menu_order":0,"comment_status":"closed","ping_status":"closed","template":"","meta":{"footnotes":""},"class_list":["post-119302","page","type-page","status-publish","has-post-thumbnail","hentry","page_category-aesthetic-medicine"],"yoast_head":"<!-- This site is optimized with the Yoast SEO plugin v26.9 - https:\/\/yoast.com\/product\/yoast-seo-wordpress\/ -->\n<title>Deep Hydration - HC Aesthetic<\/title>\n<meta name=\"robots\" content=\"index, follow, max-snippet:-1, max-image-preview:large, max-video-preview:-1\" \/>\n<link rel=\"canonical\" href=\"https:\/\/hcaesthetic.com\/en\/deep-hydration\/\" \/>\n<meta property=\"og:locale\" content=\"en_US\" \/>\n<meta property=\"og:type\" content=\"article\" \/>\n<meta property=\"og:title\" content=\"Deep Hydration - HC Aesthetic\" \/>\n<meta property=\"og:description\" content=\"[vc_row unlock_row_content=&#8221;yes&#8221; row_height_percent=&#8221;0&#8243; back_image=&#8221;118586&#8243; overlay_alpha=&#8221;50&#8243; gutter_size=&#8221;3&#8243; column_width_percent=&#8221;100&#8243; shift_y=&#8221;0&#8243; z_index=&#8221;0&#8243; uncode_shortcode_id=&#8221;174924&#8243; row_height_pixel=&#8221;700px&#8221;][vc_column width=&#8221;1\/1&#8243;][\/vc_column][\/vc_row][vc_row][vc_column width=&#8221;1\/1&#8243;][vc_custom_heading text_color=&#8221;color-wvjs&#8221; heading_semantic=&#8221;h5&#8243; text_size=&#8221;&#8221; text_weight=&#8221;500&#8243; text_transform=&#8221;uppercase&#8221; uncode_shortcode_id=&#8221;120490&#8243; text_color_type=&#8221;uncode-palette&#8221;]Profhilo[\/vc_custom_heading][vc_row_inner [&hellip;]\" \/>\n<meta property=\"og:url\" content=\"https:\/\/hcaesthetic.com\/en\/deep-hydration\/\" \/>\n<meta property=\"og:site_name\" content=\"HC Aesthetic\" \/>\n<meta property=\"article:publisher\" content=\"https:\/\/www.facebook.com\/hcaesthetic\/\" \/>\n<meta property=\"article:modified_time\" content=\"2025-10-21T10:20:18+00:00\" \/>\n<meta property=\"og:image\" content=\"https:\/\/hcaesthetic.com\/wp-content\/uploads\/2023\/01\/hc-aesthetic.jpg\" \/>\n\t<meta property=\"og:image:width\" content=\"1200\" \/>\n\t<meta property=\"og:image:height\" content=\"800\" \/>\n\t<meta property=\"og:image:type\" content=\"image\/jpeg\" \/>\n<meta name=\"twitter:card\" content=\"summary_large_image\" \/>\n<meta name=\"twitter:label1\" content=\"Est. reading time\" \/>\n\t<meta name=\"twitter:data1\" content=\"3 minutes\" \/>\n<script type=\"application\/ld+json\" class=\"yoast-schema-graph\">{\"@context\":\"https:\/\/schema.org\",\"@graph\":[{\"@type\":\"WebPage\",\"@id\":\"https:\/\/hcaesthetic.com\/en\/deep-hydration\/\",\"url\":\"https:\/\/hcaesthetic.com\/en\/deep-hydration\/\",\"name\":\"Deep Hydration - HC Aesthetic\",\"isPartOf\":{\"@id\":\"https:\/\/hcaesthetic.com\/en\/#website\"},\"primaryImageOfPage\":{\"@id\":\"https:\/\/hcaesthetic.com\/en\/deep-hydration\/#primaryimage\"},\"image\":{\"@id\":\"https:\/\/hcaesthetic.com\/en\/deep-hydration\/#primaryimage\"},\"thumbnailUrl\":\"https:\/\/hcaesthetic.com\/wp-content\/uploads\/2023\/01\/hc-aesthetic.jpg\",\"datePublished\":\"2023-01-17T17:50:48+00:00\",\"dateModified\":\"2025-10-21T10:20:18+00:00\",\"breadcrumb\":{\"@id\":\"https:\/\/hcaesthetic.com\/en\/deep-hydration\/#breadcrumb\"},\"inLanguage\":\"en-US\",\"potentialAction\":[{\"@type\":\"ReadAction\",\"target\":[\"https:\/\/hcaesthetic.com\/en\/deep-hydration\/\"]}]},{\"@type\":\"ImageObject\",\"inLanguage\":\"en-US\",\"@id\":\"https:\/\/hcaesthetic.com\/en\/deep-hydration\/#primaryimage\",\"url\":\"https:\/\/hcaesthetic.com\/wp-content\/uploads\/2023\/01\/hc-aesthetic.jpg\",\"contentUrl\":\"https:\/\/hcaesthetic.com\/wp-content\/uploads\/2023\/01\/hc-aesthetic.jpg\",\"width\":1200,\"height\":800},{\"@type\":\"BreadcrumbList\",\"@id\":\"https:\/\/hcaesthetic.com\/en\/deep-hydration\/#breadcrumb\",\"itemListElement\":[{\"@type\":\"ListItem\",\"position\":1,\"name\":\"Portada\",\"item\":\"https:\/\/hcaesthetic.com\/en\/\"},{\"@type\":\"ListItem\",\"position\":2,\"name\":\"Deep Hydration\"}]},{\"@type\":\"WebSite\",\"@id\":\"https:\/\/hcaesthetic.com\/en\/#website\",\"url\":\"https:\/\/hcaesthetic.com\/en\/\",\"name\":\"HC Aesthetic - Cirug\u00eda Pl\u00e1stica y Medicina Est\u00e9tica\",\"description\":\"Descubre HC Aesthetic, tu cl\u00ednica de cirug\u00eda pl\u00e1stica y medicina est\u00e9tica en Marbella. Excelencia hospitalaria y resultados naturales. 1\u00aa consulta gratuita.\",\"publisher\":{\"@id\":\"https:\/\/hcaesthetic.com\/en\/#organization\"},\"alternateName\":\"HC Marbella Aesthetic\",\"potentialAction\":[{\"@type\":\"SearchAction\",\"target\":{\"@type\":\"EntryPoint\",\"urlTemplate\":\"https:\/\/hcaesthetic.com\/en\/?s={search_term_string}\"},\"query-input\":{\"@type\":\"PropertyValueSpecification\",\"valueRequired\":true,\"valueName\":\"search_term_string\"}}],\"inLanguage\":\"en-US\"},{\"@type\":\"Organization\",\"@id\":\"https:\/\/hcaesthetic.com\/en\/#organization\",\"name\":\"HC Aesthetic\",\"alternateName\":\"HC Marbella Aesthetic - Cirug\u00eda Pl\u00e1stica y Medicina Est\u00e9tica\",\"url\":\"https:\/\/hcaesthetic.com\/en\/\",\"logo\":{\"@type\":\"ImageObject\",\"inLanguage\":\"en-US\",\"@id\":\"https:\/\/hcaesthetic.com\/en\/#\/schema\/logo\/image\/\",\"url\":\"https:\/\/hcaesthetic.com\/wp-content\/uploads\/2026\/02\/logo_hc_aesthetic.png\",\"contentUrl\":\"https:\/\/hcaesthetic.com\/wp-content\/uploads\/2026\/02\/logo_hc_aesthetic.png\",\"width\":696,\"height\":696,\"caption\":\"HC Aesthetic\"},\"image\":{\"@id\":\"https:\/\/hcaesthetic.com\/en\/#\/schema\/logo\/image\/\"},\"sameAs\":[\"https:\/\/www.facebook.com\/hcaesthetic\/\",\"https:\/\/www.instagram.com\/aesthetics_hc\/?hl=es\"]}]}<\/script>\n<!-- \/ Yoast SEO plugin. -->","yoast_head_json":{"title":"Deep Hydration - HC Aesthetic","robots":{"index":"index","follow":"follow","max-snippet":"max-snippet:-1","max-image-preview":"max-image-preview:large","max-video-preview":"max-video-preview:-1"},"canonical":"https:\/\/hcaesthetic.com\/en\/deep-hydration\/","og_locale":"en_US","og_type":"article","og_title":"Deep Hydration - HC Aesthetic","og_description":"[vc_row unlock_row_content=&#8221;yes&#8221; row_height_percent=&#8221;0&#8243; back_image=&#8221;118586&#8243; overlay_alpha=&#8221;50&#8243; gutter_size=&#8221;3&#8243; column_width_percent=&#8221;100&#8243; shift_y=&#8221;0&#8243; z_index=&#8221;0&#8243; uncode_shortcode_id=&#8221;174924&#8243; row_height_pixel=&#8221;700px&#8221;][vc_column width=&#8221;1\/1&#8243;][\/vc_column][\/vc_row][vc_row][vc_column width=&#8221;1\/1&#8243;][vc_custom_heading text_color=&#8221;color-wvjs&#8221; heading_semantic=&#8221;h5&#8243; text_size=&#8221;&#8221; text_weight=&#8221;500&#8243; text_transform=&#8221;uppercase&#8221; uncode_shortcode_id=&#8221;120490&#8243; text_color_type=&#8221;uncode-palette&#8221;]Profhilo[\/vc_custom_heading][vc_row_inner [&hellip;]","og_url":"https:\/\/hcaesthetic.com\/en\/deep-hydration\/","og_site_name":"HC Aesthetic","article_publisher":"https:\/\/www.facebook.com\/hcaesthetic\/","article_modified_time":"2025-10-21T10:20:18+00:00","og_image":[{"width":1200,"height":800,"url":"https:\/\/hcaesthetic.com\/wp-content\/uploads\/2023\/01\/hc-aesthetic.jpg","type":"image\/jpeg"}],"twitter_card":"summary_large_image","twitter_misc":{"Est. reading time":"3 minutes"},"schema":{"@context":"https:\/\/schema.org","@graph":[{"@type":"WebPage","@id":"https:\/\/hcaesthetic.com\/en\/deep-hydration\/","url":"https:\/\/hcaesthetic.com\/en\/deep-hydration\/","name":"Deep Hydration - HC Aesthetic","isPartOf":{"@id":"https:\/\/hcaesthetic.com\/en\/#website"},"primaryImageOfPage":{"@id":"https:\/\/hcaesthetic.com\/en\/deep-hydration\/#primaryimage"},"image":{"@id":"https:\/\/hcaesthetic.com\/en\/deep-hydration\/#primaryimage"},"thumbnailUrl":"https:\/\/hcaesthetic.com\/wp-content\/uploads\/2023\/01\/hc-aesthetic.jpg","datePublished":"2023-01-17T17:50:48+00:00","dateModified":"2025-10-21T10:20:18+00:00","breadcrumb":{"@id":"https:\/\/hcaesthetic.com\/en\/deep-hydration\/#breadcrumb"},"inLanguage":"en-US","potentialAction":[{"@type":"ReadAction","target":["https:\/\/hcaesthetic.com\/en\/deep-hydration\/"]}]},{"@type":"ImageObject","inLanguage":"en-US","@id":"https:\/\/hcaesthetic.com\/en\/deep-hydration\/#primaryimage","url":"https:\/\/hcaesthetic.com\/wp-content\/uploads\/2023\/01\/hc-aesthetic.jpg","contentUrl":"https:\/\/hcaesthetic.com\/wp-content\/uploads\/2023\/01\/hc-aesthetic.jpg","width":1200,"height":800},{"@type":"BreadcrumbList","@id":"https:\/\/hcaesthetic.com\/en\/deep-hydration\/#breadcrumb","itemListElement":[{"@type":"ListItem","position":1,"name":"Portada","item":"https:\/\/hcaesthetic.com\/en\/"},{"@type":"ListItem","position":2,"name":"Deep Hydration"}]},{"@type":"WebSite","@id":"https:\/\/hcaesthetic.com\/en\/#website","url":"https:\/\/hcaesthetic.com\/en\/","name":"HC Aesthetic - Cirug\u00eda Pl\u00e1stica y Medicina Est\u00e9tica","description":"Descubre HC Aesthetic, tu cl\u00ednica de cirug\u00eda pl\u00e1stica y medicina est\u00e9tica en Marbella. Excelencia hospitalaria y resultados naturales. 1\u00aa consulta gratuita.","publisher":{"@id":"https:\/\/hcaesthetic.com\/en\/#organization"},"alternateName":"HC Marbella Aesthetic","potentialAction":[{"@type":"SearchAction","target":{"@type":"EntryPoint","urlTemplate":"https:\/\/hcaesthetic.com\/en\/?s={search_term_string}"},"query-input":{"@type":"PropertyValueSpecification","valueRequired":true,"valueName":"search_term_string"}}],"inLanguage":"en-US"},{"@type":"Organization","@id":"https:\/\/hcaesthetic.com\/en\/#organization","name":"HC Aesthetic","alternateName":"HC Marbella Aesthetic - Cirug\u00eda Pl\u00e1stica y Medicina Est\u00e9tica","url":"https:\/\/hcaesthetic.com\/en\/","logo":{"@type":"ImageObject","inLanguage":"en-US","@id":"https:\/\/hcaesthetic.com\/en\/#\/schema\/logo\/image\/","url":"https:\/\/hcaesthetic.com\/wp-content\/uploads\/2026\/02\/logo_hc_aesthetic.png","contentUrl":"https:\/\/hcaesthetic.com\/wp-content\/uploads\/2026\/02\/logo_hc_aesthetic.png","width":696,"height":696,"caption":"HC Aesthetic"},"image":{"@id":"https:\/\/hcaesthetic.com\/en\/#\/schema\/logo\/image\/"},"sameAs":["https:\/\/www.facebook.com\/hcaesthetic\/","https:\/\/www.instagram.com\/aesthetics_hc\/?hl=es"]}]}},"_links":{"self":[{"href":"https:\/\/hcaesthetic.com\/en\/wp-json\/wp\/v2\/pages\/119302","targetHints":{"allow":["GET"]}}],"collection":[{"href":"https:\/\/hcaesthetic.com\/en\/wp-json\/wp\/v2\/pages"}],"about":[{"href":"https:\/\/hcaesthetic.com\/en\/wp-json\/wp\/v2\/types\/page"}],"author":[{"embeddable":true,"href":"https:\/\/hcaesthetic.com\/en\/wp-json\/wp\/v2\/users\/1"}],"replies":[{"embeddable":true,"href":"https:\/\/hcaesthetic.com\/en\/wp-json\/wp\/v2\/comments?post=119302"}],"version-history":[{"count":6,"href":"https:\/\/hcaesthetic.com\/en\/wp-json\/wp\/v2\/pages\/119302\/revisions"}],"predecessor-version":[{"id":119310,"href":"https:\/\/hcaesthetic.com\/en\/wp-json\/wp\/v2\/pages\/119302\/revisions\/119310"}],"wp:featuredmedia":[{"embeddable":true,"href":"https:\/\/hcaesthetic.com\/en\/wp-json\/wp\/v2\/media\/119088"}],"wp:attachment":[{"href":"https:\/\/hcaesthetic.com\/en\/wp-json\/wp\/v2\/media?parent=119302"}],"curies":[{"name":"wp","href":"https:\/\/api.w.org\/{rel}","templated":true}]}}