{"id":119324,"date":"2023-01-18T11:01:31","date_gmt":"2023-01-18T11:01:31","guid":{"rendered":"https:\/\/hcaesthetic.com\/laser-co2\/"},"modified":"2025-10-21T10:20:56","modified_gmt":"2025-10-21T10:20:56","slug":"co2-laser","status":"publish","type":"page","link":"https:\/\/hcaesthetic.com\/en\/co2-laser\/","title":{"rendered":"CO2 Laser"},"content":{"rendered":"<div class=\"wpb-content-wrapper\"><p>[vc_row unlock_row_content=&#8221;yes&#8221; row_height_percent=&#8221;0&#8243; back_image=&#8221;118616&#8243; overlay_alpha=&#8221;50&#8243; gutter_size=&#8221;3&#8243; column_width_percent=&#8221;100&#8243; shift_y=&#8221;0&#8243; z_index=&#8221;0&#8243; uncode_shortcode_id=&#8221;508984&#8243; row_height_pixel=&#8221;700px&#8221;][vc_column width=&#8221;1\/1&#8243;][\/vc_column][\/vc_row][vc_row][vc_column width=&#8221;1\/1&#8243;][vc_custom_heading text_color=&#8221;color-wvjs&#8221; heading_semantic=&#8221;h5&#8243; text_size=&#8221;&#8221; text_weight=&#8221;500&#8243; text_transform=&#8221;uppercase&#8221; uncode_shortcode_id=&#8221;971940&#8243; text_color_type=&#8221;uncode-palette&#8221;]Facial Resurfacing[\/vc_custom_heading][vc_row_inner row_inner_height_percent=&#8221;0&#8243; overlay_alpha=&#8221;50&#8243; gutter_size=&#8221;4&#8243; shift_y=&#8221;0&#8243; z_index=&#8221;0&#8243; limit_content=&#8221;&#8221;][vc_column_inner width=&#8221;4\/12&#8243;][vc_custom_heading heading_semantic=&#8221;h6&#8243; text_size=&#8221;h1&#8243; text_weight=&#8221;500&#8243; uncode_shortcode_id=&#8221;433014&#8243;]CO2 Laser[\/vc_custom_heading][vc_column_text uncode_shortcode_id=&#8221;520423&#8243;]Facial technology[\/vc_column_text][\/vc_column_inner][vc_column_inner column_width_percent=&#8221;100&#8243; gutter_size=&#8221;1&#8243; font_family=&#8221;font-136269&#8243; overlay_alpha=&#8221;50&#8243; shift_x=&#8221;0&#8243; shift_y=&#8221;0&#8243; shift_y_down=&#8221;0&#8243; z_index=&#8221;0&#8243; medium_width=&#8221;0&#8243; mobile_width=&#8221;0&#8243; width=&#8221;8\/12&#8243; uncode_shortcode_id=&#8221;317910&#8243;][vc_column_text text_lead=&#8221;yes&#8221; uncode_shortcode_id=&#8221;142297&#8243;]The fractional CO2 laser technique is considered the gold standard treatment of wrinkles and signs of photoageing. The skin is regenerated using laser energy beams, in the form of thermal micro columns which penetrate the deep dermis, enabling the production of substantial amounts of collagen, tightening the skin considerably.<\/p>\n<p>The application of anaesthetic cream is necessary for this treatment. It is also advisable to take oral antiviral medication for two days before and two days after treatment.[\/vc_column_text][\/vc_column_inner][\/vc_row_inner][vc_empty_space empty_h=&#8221;3&#8243; medium_visibility=&#8221;yes&#8221; mobile_visibility=&#8221;yes&#8221;][vc_row_inner row_inner_height_percent=&#8221;0&#8243; overlay_alpha=&#8221;50&#8243; gutter_size=&#8221;4&#8243; shift_y=&#8221;0&#8243; z_index=&#8221;0&#8243; limit_content=&#8221;&#8221;][vc_column_inner column_width_percent=&#8221;100&#8243; gutter_size=&#8221;3&#8243; overlay_alpha=&#8221;50&#8243; shift_x=&#8221;0&#8243; shift_y=&#8221;0&#8243; shift_y_down=&#8221;0&#8243; z_index=&#8221;0&#8243; medium_visibility=&#8221;yes&#8221; medium_width=&#8221;0&#8243; mobile_visibility=&#8221;yes&#8221; mobile_width=&#8221;0&#8243; width=&#8221;1\/3&#8243; uncode_shortcode_id=&#8221;538416&#8243;][vc_single_image media=&#8221;118661&#8243; media_width_percent=&#8221;100&#8243; uncode_shortcode_id=&#8221;440356&#8243;][\/vc_column_inner][vc_column_inner column_width_percent=&#8221;100&#8243; gutter_size=&#8221;2&#8243; overlay_alpha=&#8221;50&#8243; shift_x=&#8221;0&#8243; shift_y=&#8221;0&#8243; shift_y_down=&#8221;0&#8243; z_index=&#8221;0&#8243; medium_width=&#8221;4&#8243; mobile_width=&#8221;0&#8243; css_animation=&#8221;alpha-anim&#8221; animation_speed=&#8221;600&#8243; width=&#8221;1\/3&#8243; uncode_shortcode_id=&#8221;124258&#8243;][vc_custom_heading heading_semantic=&#8221;h3&#8243; text_size=&#8221;h4&#8243; text_weight=&#8221;500&#8243; separator=&#8221;yes&#8221; uncode_shortcode_id=&#8221;551826&#8243;]<i class=\"fa fa-heart-o fa-1x fa-fw\"><\/i> Benefits[\/vc_custom_heading][vc_column_text text_lead=&#8221;yes&#8221; uncode_shortcode_id=&#8221;184216&#8243;]Skin rejuvenation and reduction of wrinkles, pigmentation and scars.[\/vc_column_text][vc_empty_space empty_h=&#8221;2&#8243;][vc_custom_heading heading_semantic=&#8221;h3&#8243; text_size=&#8221;h4&#8243; text_weight=&#8221;500&#8243; separator=&#8221;yes&#8221; uncode_shortcode_id=&#8221;165259&#8243;]<i class=\"fa fa-leaf fa-1x fa-fw\"><\/i> Care Afterwards[\/vc_custom_heading][vc_column_text text_lead=&#8221;yes&#8221; uncode_shortcode_id=&#8221;597588&#8243;]Recovery time for this treatment is up to 15 days, during which time there may be swelling, redness, skin erosions\/exudate, followed by scab formation from day two. The face must be washed in the way indicated with the use of a specific cream.<\/p>\n<p>This treatment must be carried out during the winter months, with the use of SPF 50 sun protection being mandatory.[\/vc_column_text][vc_empty_space empty_h=&#8221;2&#8243;][\/vc_column_inner][vc_column_inner column_width_percent=&#8221;100&#8243; gutter_size=&#8221;2&#8243; overlay_alpha=&#8221;50&#8243; shift_x=&#8221;0&#8243; shift_y=&#8221;0&#8243; shift_y_down=&#8221;0&#8243; z_index=&#8221;0&#8243; medium_width=&#8221;4&#8243; mobile_width=&#8221;0&#8243; css_animation=&#8221;alpha-anim&#8221; animation_delay=&#8221;800&#8243; width=&#8221;1\/3&#8243; uncode_shortcode_id=&#8221;121049&#8243;][vc_custom_heading heading_semantic=&#8221;h3&#8243; text_size=&#8221;h4&#8243; text_weight=&#8221;500&#8243; separator=&#8221;yes&#8221; uncode_shortcode_id=&#8221;721942&#8243;]<i class=\"fa fa-clock fa-1x fa-fw\"><\/i> Session Duration[\/vc_custom_heading][vc_column_text text_lead=&#8221;yes&#8221; uncode_shortcode_id=&#8221;139745&#8243;]30 to 40 minutes.[\/vc_column_text][vc_empty_space empty_h=&#8221;2&#8243;][vc_custom_heading heading_semantic=&#8221;h3&#8243; text_size=&#8221;h4&#8243; text_weight=&#8221;500&#8243; separator=&#8221;yes&#8221; uncode_shortcode_id=&#8221;107609&#8243;]<i class=\"fa fa-eye2 fa-1x fa-fw\"><\/i> Appearance of results[\/vc_custom_heading][vc_column_text text_lead=&#8221;yes&#8221; uncode_shortcode_id=&#8221;855800&#8243;]After 7 days, improvement increases for up to 6 months after treatment.[\/vc_column_text][vc_empty_space empty_h=&#8221;2&#8243;][vc_custom_heading heading_semantic=&#8221;h3&#8243; text_size=&#8221;h4&#8243; text_weight=&#8221;500&#8243; separator=&#8221;yes&#8221; uncode_shortcode_id=&#8221;930499&#8243;]<i class=\"fa fa-hourglass-o fa-1x fa-fw\"><\/i> Duration of results[\/vc_custom_heading][vc_column_text text_lead=&#8221;yes&#8221; uncode_shortcode_id=&#8221;108364&#8243;]The effects achieved are long lasting.[\/vc_column_text][\/vc_column_inner][\/vc_row_inner][\/vc_column][\/vc_row][vc_row row_height_percent=&#8221;0&#8243; overlay_alpha=&#8221;50&#8243; gutter_size=&#8221;3&#8243; column_width_percent=&#8221;100&#8243; shift_y=&#8221;0&#8243; z_index=&#8221;0&#8243; uncode_shortcode_id=&#8221;118578&#8243; back_color_type=&#8221;uncode-solid&#8221; back_color_solid=&#8221;#dedad1&#8243;][vc_column width=&#8221;1\/1&#8243;][vc_single_image media=&#8221;119330&#8243; media_width_percent=&#8221;100&#8243; uncode_shortcode_id=&#8221;269311&#8243;][\/vc_column][\/vc_row][vc_row row_height_percent=&#8221;0&#8243; override_padding=&#8221;yes&#8221; h_padding=&#8221;2&#8243; top_padding=&#8221;3&#8243; bottom_padding=&#8221;3&#8243; overlay_alpha=&#8221;100&#8243; gutter_size=&#8221;100&#8243; column_width_percent=&#8221;100&#8243; shift_y=&#8221;0&#8243; z_index=&#8221;0&#8243; enable_bottom_divider=&#8221;default&#8221; bottom_divider=&#8221;step&#8221; shape_bottom_h_use_pixel=&#8221;true&#8221; shape_bottom_height_percent=&#8221;33&#8243; shape_bottom_color=&#8221;color-lxmt&#8221; shape_bottom_opacity=&#8221;100&#8243; shape_bottom_index=&#8221;0&#8243; style=&#8221;inherited&#8221; uncode_shortcode_id=&#8221;228023&#8243; back_color_type=&#8221;uncode-solid&#8221; shape_bottom_color_type=&#8221;uncode-palette&#8221; back_color_solid=&#8221;#bdb6a4&#8243;][vc_column column_width_use_pixel=&#8221;yes&#8221; align_horizontal=&#8221;align_center&#8221; gutter_size=&#8221;4&#8243; overlay_alpha=&#8221;50&#8243; shift_x=&#8221;0&#8243; shift_y=&#8221;0&#8243; shift_y_down=&#8221;0&#8243; z_index=&#8221;0&#8243; medium_width=&#8221;0&#8243; mobile_width=&#8221;0&#8243; zoom_width=&#8221;0&#8243; zoom_height=&#8221;0&#8243; width=&#8221;1\/1&#8243; uncode_shortcode_id=&#8221;191277&#8243; column_width_pixel=&#8221;1000&#8243;][vc_row_inner limit_content=&#8221;&#8221;][vc_column_inner column_width_percent=&#8221;100&#8243; align_horizontal=&#8221;align_center&#8221; gutter_size=&#8221;3&#8243; override_padding=&#8221;yes&#8221; column_padding=&#8221;0&#8243; style=&#8221;dark&#8221; overlay_alpha=&#8221;50&#8243; shift_x=&#8221;0&#8243; shift_y=&#8221;0&#8243; shift_y_down=&#8221;0&#8243; z_index=&#8221;0&#8243; medium_width=&#8221;0&#8243; mobile_width=&#8221;0&#8243; width=&#8221;1\/1&#8243; uncode_shortcode_id=&#8221;133773&#8243;][vc_custom_heading text_size=&#8221;h1&#8243; text_weight=&#8221;400&#8243; uncode_shortcode_id=&#8221;851018&#8243;]Before and After[\/vc_custom_heading][vc_column_text text_lead=&#8221;yes&#8221; text_color=&#8221;color-xsdn&#8221; uncode_shortcode_id=&#8221;102059&#8243; text_color_type=&#8221;uncode-palette&#8221;]<\/p>\n<h3 style=\"text-align: center;\">Resurfacing CO2 Laser<\/h3>\n<p>[\/vc_column_text][uncode_twentytwenty media_before=&#8221;117910&#8243; media_after=&#8221;117911&#8243;][\/vc_column_inner][\/vc_row_inner][\/vc_column][\/vc_row]<\/p>\n<\/div>","protected":false},"excerpt":{"rendered":"<p>[vc_row unlock_row_content=&#8221;yes&#8221; row_height_percent=&#8221;0&#8243; back_image=&#8221;118616&#8243; overlay_alpha=&#8221;50&#8243; gutter_size=&#8221;3&#8243; column_width_percent=&#8221;100&#8243; shift_y=&#8221;0&#8243; z_index=&#8221;0&#8243; uncode_shortcode_id=&#8221;508984&#8243; row_height_pixel=&#8221;700px&#8221;][vc_column width=&#8221;1\/1&#8243;][\/vc_column][\/vc_row][vc_row][vc_column width=&#8221;1\/1&#8243;][vc_custom_heading text_color=&#8221;color-wvjs&#8221; heading_semantic=&#8221;h5&#8243; text_size=&#8221;&#8221; text_weight=&#8221;500&#8243; text_transform=&#8221;uppercase&#8221; uncode_shortcode_id=&#8221;971940&#8243; text_color_type=&#8221;uncode-palette&#8221;]Facial [&hellip;]<\/p>\n","protected":false},"author":1,"featured_media":119090,"parent":0,"menu_order":0,"comment_status":"closed","ping_status":"closed","template":"","meta":{"footnotes":""},"class_list":["post-119324","page","type-page","status-publish","has-post-thumbnail","hentry","page_category-aesthetic-medicine"],"yoast_head":"<!-- This site is optimized with the Yoast SEO plugin v26.9 - https:\/\/yoast.com\/product\/yoast-seo-wordpress\/ -->\n<title>CO2 Laser - HC Aesthetic<\/title>\n<meta name=\"robots\" content=\"index, follow, max-snippet:-1, max-image-preview:large, max-video-preview:-1\" \/>\n<link rel=\"canonical\" href=\"https:\/\/hcaesthetic.com\/en\/co2-laser\/\" \/>\n<meta property=\"og:locale\" content=\"en_US\" \/>\n<meta property=\"og:type\" content=\"article\" \/>\n<meta property=\"og:title\" content=\"CO2 Laser - HC Aesthetic\" \/>\n<meta property=\"og:description\" content=\"[vc_row unlock_row_content=&#8221;yes&#8221; row_height_percent=&#8221;0&#8243; back_image=&#8221;118616&#8243; overlay_alpha=&#8221;50&#8243; gutter_size=&#8221;3&#8243; column_width_percent=&#8221;100&#8243; shift_y=&#8221;0&#8243; z_index=&#8221;0&#8243; uncode_shortcode_id=&#8221;508984&#8243; row_height_pixel=&#8221;700px&#8221;][vc_column width=&#8221;1\/1&#8243;][\/vc_column][\/vc_row][vc_row][vc_column width=&#8221;1\/1&#8243;][vc_custom_heading text_color=&#8221;color-wvjs&#8221; heading_semantic=&#8221;h5&#8243; text_size=&#8221;&#8221; text_weight=&#8221;500&#8243; text_transform=&#8221;uppercase&#8221; uncode_shortcode_id=&#8221;971940&#8243; text_color_type=&#8221;uncode-palette&#8221;]Facial [&hellip;]\" \/>\n<meta property=\"og:url\" content=\"https:\/\/hcaesthetic.com\/en\/co2-laser\/\" \/>\n<meta property=\"og:site_name\" content=\"HC Aesthetic\" \/>\n<meta property=\"article:publisher\" content=\"https:\/\/www.facebook.com\/hcaesthetic\/\" \/>\n<meta property=\"article:modified_time\" content=\"2025-10-21T10:20:56+00:00\" \/>\n<meta property=\"og:image\" content=\"https:\/\/hcaesthetic.com\/wp-content\/uploads\/2023\/01\/resurfacing-facial.jpg\" \/>\n\t<meta property=\"og:image:width\" content=\"1200\" \/>\n\t<meta property=\"og:image:height\" content=\"800\" \/>\n\t<meta property=\"og:image:type\" content=\"image\/jpeg\" \/>\n<meta name=\"twitter:card\" content=\"summary_large_image\" \/>\n<meta name=\"twitter:label1\" content=\"Est. reading time\" \/>\n\t<meta name=\"twitter:data1\" content=\"3 minutes\" \/>\n<script type=\"application\/ld+json\" class=\"yoast-schema-graph\">{\"@context\":\"https:\/\/schema.org\",\"@graph\":[{\"@type\":\"WebPage\",\"@id\":\"https:\/\/hcaesthetic.com\/en\/co2-laser\/\",\"url\":\"https:\/\/hcaesthetic.com\/en\/co2-laser\/\",\"name\":\"CO2 Laser - HC Aesthetic\",\"isPartOf\":{\"@id\":\"https:\/\/hcaesthetic.com\/en\/#website\"},\"primaryImageOfPage\":{\"@id\":\"https:\/\/hcaesthetic.com\/en\/co2-laser\/#primaryimage\"},\"image\":{\"@id\":\"https:\/\/hcaesthetic.com\/en\/co2-laser\/#primaryimage\"},\"thumbnailUrl\":\"https:\/\/hcaesthetic.com\/wp-content\/uploads\/2023\/01\/resurfacing-facial.jpg\",\"datePublished\":\"2023-01-18T11:01:31+00:00\",\"dateModified\":\"2025-10-21T10:20:56+00:00\",\"breadcrumb\":{\"@id\":\"https:\/\/hcaesthetic.com\/en\/co2-laser\/#breadcrumb\"},\"inLanguage\":\"en-US\",\"potentialAction\":[{\"@type\":\"ReadAction\",\"target\":[\"https:\/\/hcaesthetic.com\/en\/co2-laser\/\"]}]},{\"@type\":\"ImageObject\",\"inLanguage\":\"en-US\",\"@id\":\"https:\/\/hcaesthetic.com\/en\/co2-laser\/#primaryimage\",\"url\":\"https:\/\/hcaesthetic.com\/wp-content\/uploads\/2023\/01\/resurfacing-facial.jpg\",\"contentUrl\":\"https:\/\/hcaesthetic.com\/wp-content\/uploads\/2023\/01\/resurfacing-facial.jpg\",\"width\":1200,\"height\":800},{\"@type\":\"BreadcrumbList\",\"@id\":\"https:\/\/hcaesthetic.com\/en\/co2-laser\/#breadcrumb\",\"itemListElement\":[{\"@type\":\"ListItem\",\"position\":1,\"name\":\"Portada\",\"item\":\"https:\/\/hcaesthetic.com\/en\/\"},{\"@type\":\"ListItem\",\"position\":2,\"name\":\"CO2 Laser\"}]},{\"@type\":\"WebSite\",\"@id\":\"https:\/\/hcaesthetic.com\/en\/#website\",\"url\":\"https:\/\/hcaesthetic.com\/en\/\",\"name\":\"HC Aesthetic - Cirug\u00eda Pl\u00e1stica y Medicina Est\u00e9tica\",\"description\":\"Descubre HC Aesthetic, tu cl\u00ednica de cirug\u00eda pl\u00e1stica y medicina est\u00e9tica en Marbella. Excelencia hospitalaria y resultados naturales. 1\u00aa consulta gratuita.\",\"publisher\":{\"@id\":\"https:\/\/hcaesthetic.com\/en\/#organization\"},\"alternateName\":\"HC Marbella Aesthetic\",\"potentialAction\":[{\"@type\":\"SearchAction\",\"target\":{\"@type\":\"EntryPoint\",\"urlTemplate\":\"https:\/\/hcaesthetic.com\/en\/?s={search_term_string}\"},\"query-input\":{\"@type\":\"PropertyValueSpecification\",\"valueRequired\":true,\"valueName\":\"search_term_string\"}}],\"inLanguage\":\"en-US\"},{\"@type\":\"Organization\",\"@id\":\"https:\/\/hcaesthetic.com\/en\/#organization\",\"name\":\"HC Aesthetic\",\"alternateName\":\"HC Marbella Aesthetic - Cirug\u00eda Pl\u00e1stica y Medicina Est\u00e9tica\",\"url\":\"https:\/\/hcaesthetic.com\/en\/\",\"logo\":{\"@type\":\"ImageObject\",\"inLanguage\":\"en-US\",\"@id\":\"https:\/\/hcaesthetic.com\/en\/#\/schema\/logo\/image\/\",\"url\":\"https:\/\/hcaesthetic.com\/wp-content\/uploads\/2026\/02\/logo_hc_aesthetic.png\",\"contentUrl\":\"https:\/\/hcaesthetic.com\/wp-content\/uploads\/2026\/02\/logo_hc_aesthetic.png\",\"width\":696,\"height\":696,\"caption\":\"HC Aesthetic\"},\"image\":{\"@id\":\"https:\/\/hcaesthetic.com\/en\/#\/schema\/logo\/image\/\"},\"sameAs\":[\"https:\/\/www.facebook.com\/hcaesthetic\/\",\"https:\/\/www.instagram.com\/aesthetics_hc\/?hl=es\"]}]}<\/script>\n<!-- \/ Yoast SEO plugin. -->","yoast_head_json":{"title":"CO2 Laser - HC Aesthetic","robots":{"index":"index","follow":"follow","max-snippet":"max-snippet:-1","max-image-preview":"max-image-preview:large","max-video-preview":"max-video-preview:-1"},"canonical":"https:\/\/hcaesthetic.com\/en\/co2-laser\/","og_locale":"en_US","og_type":"article","og_title":"CO2 Laser - HC Aesthetic","og_description":"[vc_row unlock_row_content=&#8221;yes&#8221; row_height_percent=&#8221;0&#8243; back_image=&#8221;118616&#8243; overlay_alpha=&#8221;50&#8243; gutter_size=&#8221;3&#8243; column_width_percent=&#8221;100&#8243; shift_y=&#8221;0&#8243; z_index=&#8221;0&#8243; uncode_shortcode_id=&#8221;508984&#8243; row_height_pixel=&#8221;700px&#8221;][vc_column width=&#8221;1\/1&#8243;][\/vc_column][\/vc_row][vc_row][vc_column width=&#8221;1\/1&#8243;][vc_custom_heading text_color=&#8221;color-wvjs&#8221; heading_semantic=&#8221;h5&#8243; text_size=&#8221;&#8221; text_weight=&#8221;500&#8243; text_transform=&#8221;uppercase&#8221; uncode_shortcode_id=&#8221;971940&#8243; text_color_type=&#8221;uncode-palette&#8221;]Facial [&hellip;]","og_url":"https:\/\/hcaesthetic.com\/en\/co2-laser\/","og_site_name":"HC Aesthetic","article_publisher":"https:\/\/www.facebook.com\/hcaesthetic\/","article_modified_time":"2025-10-21T10:20:56+00:00","og_image":[{"width":1200,"height":800,"url":"https:\/\/hcaesthetic.com\/wp-content\/uploads\/2023\/01\/resurfacing-facial.jpg","type":"image\/jpeg"}],"twitter_card":"summary_large_image","twitter_misc":{"Est. reading time":"3 minutes"},"schema":{"@context":"https:\/\/schema.org","@graph":[{"@type":"WebPage","@id":"https:\/\/hcaesthetic.com\/en\/co2-laser\/","url":"https:\/\/hcaesthetic.com\/en\/co2-laser\/","name":"CO2 Laser - HC Aesthetic","isPartOf":{"@id":"https:\/\/hcaesthetic.com\/en\/#website"},"primaryImageOfPage":{"@id":"https:\/\/hcaesthetic.com\/en\/co2-laser\/#primaryimage"},"image":{"@id":"https:\/\/hcaesthetic.com\/en\/co2-laser\/#primaryimage"},"thumbnailUrl":"https:\/\/hcaesthetic.com\/wp-content\/uploads\/2023\/01\/resurfacing-facial.jpg","datePublished":"2023-01-18T11:01:31+00:00","dateModified":"2025-10-21T10:20:56+00:00","breadcrumb":{"@id":"https:\/\/hcaesthetic.com\/en\/co2-laser\/#breadcrumb"},"inLanguage":"en-US","potentialAction":[{"@type":"ReadAction","target":["https:\/\/hcaesthetic.com\/en\/co2-laser\/"]}]},{"@type":"ImageObject","inLanguage":"en-US","@id":"https:\/\/hcaesthetic.com\/en\/co2-laser\/#primaryimage","url":"https:\/\/hcaesthetic.com\/wp-content\/uploads\/2023\/01\/resurfacing-facial.jpg","contentUrl":"https:\/\/hcaesthetic.com\/wp-content\/uploads\/2023\/01\/resurfacing-facial.jpg","width":1200,"height":800},{"@type":"BreadcrumbList","@id":"https:\/\/hcaesthetic.com\/en\/co2-laser\/#breadcrumb","itemListElement":[{"@type":"ListItem","position":1,"name":"Portada","item":"https:\/\/hcaesthetic.com\/en\/"},{"@type":"ListItem","position":2,"name":"CO2 Laser"}]},{"@type":"WebSite","@id":"https:\/\/hcaesthetic.com\/en\/#website","url":"https:\/\/hcaesthetic.com\/en\/","name":"HC Aesthetic - Cirug\u00eda Pl\u00e1stica y Medicina Est\u00e9tica","description":"Descubre HC Aesthetic, tu cl\u00ednica de cirug\u00eda pl\u00e1stica y medicina est\u00e9tica en Marbella. Excelencia hospitalaria y resultados naturales. 1\u00aa consulta gratuita.","publisher":{"@id":"https:\/\/hcaesthetic.com\/en\/#organization"},"alternateName":"HC Marbella Aesthetic","potentialAction":[{"@type":"SearchAction","target":{"@type":"EntryPoint","urlTemplate":"https:\/\/hcaesthetic.com\/en\/?s={search_term_string}"},"query-input":{"@type":"PropertyValueSpecification","valueRequired":true,"valueName":"search_term_string"}}],"inLanguage":"en-US"},{"@type":"Organization","@id":"https:\/\/hcaesthetic.com\/en\/#organization","name":"HC Aesthetic","alternateName":"HC Marbella Aesthetic - Cirug\u00eda Pl\u00e1stica y Medicina Est\u00e9tica","url":"https:\/\/hcaesthetic.com\/en\/","logo":{"@type":"ImageObject","inLanguage":"en-US","@id":"https:\/\/hcaesthetic.com\/en\/#\/schema\/logo\/image\/","url":"https:\/\/hcaesthetic.com\/wp-content\/uploads\/2026\/02\/logo_hc_aesthetic.png","contentUrl":"https:\/\/hcaesthetic.com\/wp-content\/uploads\/2026\/02\/logo_hc_aesthetic.png","width":696,"height":696,"caption":"HC Aesthetic"},"image":{"@id":"https:\/\/hcaesthetic.com\/en\/#\/schema\/logo\/image\/"},"sameAs":["https:\/\/www.facebook.com\/hcaesthetic\/","https:\/\/www.instagram.com\/aesthetics_hc\/?hl=es"]}]}},"_links":{"self":[{"href":"https:\/\/hcaesthetic.com\/en\/wp-json\/wp\/v2\/pages\/119324","targetHints":{"allow":["GET"]}}],"collection":[{"href":"https:\/\/hcaesthetic.com\/en\/wp-json\/wp\/v2\/pages"}],"about":[{"href":"https:\/\/hcaesthetic.com\/en\/wp-json\/wp\/v2\/types\/page"}],"author":[{"embeddable":true,"href":"https:\/\/hcaesthetic.com\/en\/wp-json\/wp\/v2\/users\/1"}],"replies":[{"embeddable":true,"href":"https:\/\/hcaesthetic.com\/en\/wp-json\/wp\/v2\/comments?post=119324"}],"version-history":[{"count":4,"href":"https:\/\/hcaesthetic.com\/en\/wp-json\/wp\/v2\/pages\/119324\/revisions"}],"predecessor-version":[{"id":119335,"href":"https:\/\/hcaesthetic.com\/en\/wp-json\/wp\/v2\/pages\/119324\/revisions\/119335"}],"wp:featuredmedia":[{"embeddable":true,"href":"https:\/\/hcaesthetic.com\/en\/wp-json\/wp\/v2\/media\/119090"}],"wp:attachment":[{"href":"https:\/\/hcaesthetic.com\/en\/wp-json\/wp\/v2\/media?parent=119324"}],"curies":[{"name":"wp","href":"https:\/\/api.w.org\/{rel}","templated":true}]}}